{"id":237,"date":"2023-05-30T09:03:15","date_gmt":"2023-05-30T01:03:15","guid":{"rendered":"https:\/\/plasticsl.com\/?page_id=237"},"modified":"2023-05-31T09:56:50","modified_gmt":"2023-05-31T01:56:50","slug":"ho-so-cong-ty","status":"publish","type":"page","link":"https:\/\/plasticsl.com\/vi\/company-profile\/","title":{"rendered":"H\u1ed3 s\u01a1 c\u00f4ng ty"},"content":{"rendered":"<div data-elementor-type=\"wp-page\" data-elementor-id=\"237\" class=\"elementor elementor-237\" data-elementor-post-type=\"page\"> \t\t\t\t<div class=\"elementor-element elementor-element-316c254 e-flex e-con-boxed e-con e-parent\" data-id=\"316c254\" data-element_type=\"container\" data-e-type=\"container\"> \t\t\t\t\t<div class=\"e-con-inner\"> \t\t\t\t<div class=\"elementor-element elementor-element-407687b elementor-widget elementor-widget-heading\" data-id=\"407687b\" data-element_type=\"widget\" data-e-type=\"widget\" data-widget_type=\"heading.default\"> \t\t\t\t\t<h2 class=\"elementor-heading-title elementor-size-default\">V\u1ec1 Shuliy<\/h2>\t\t\t\t<\/div> \t\t\t\t<div class=\"elementor-element elementor-element-91c6de7 elementor-widget elementor-widget-image\" data-id=\"91c6de7\" data-element_type=\"widget\" data-e-type=\"widget\" data-widget_type=\"image.default\"> \t\t\t\t\t\t\t\t\t\t\t\t\t\t\t<img fetchpriority=\"high\" decoding=\"async\" width=\"720\" height=\"377\" src=\"https:\/\/plasticsl.com\/wp-content\/uploads\/2023\/05\/shuliy-machinery-factory-768x402-1-720x377.webp\" class=\"attachment-large size-large wp-image-371\" alt=\"\" srcset=\"https:\/\/plasticsl.com\/wp-content\/uploads\/2023\/05\/shuliy-machinery-factory-768x402-1-720x377.webp 720w, https:\/\/plasticsl.com\/wp-content\/uploads\/2023\/05\/shuliy-machinery-factory-768x402-1-360x188.webp 360w, https:\/\/plasticsl.com\/wp-content\/uploads\/2023\/05\/shuliy-machinery-factory-768x402-1.webp 768w\" sizes=\"(max-width: 720px) 100vw, 720px\" \/>\t\t\t\t\t\t\t\t\t\t\t\t\t\t\t<\/div> \t\t\t\t<div class=\"elementor-element elementor-element-6536670 elementor-widget elementor-widget-text-editor\" data-id=\"6536670\" data-element_type=\"widget\" data-e-type=\"widget\" data-widget_type=\"text-editor.default\"> \t\t\t\t\t\t\t\t\t<p>C\u00f4ng ty TNHH Shuliy Group l\u00e0 m\u1ed9t c\u00f4ng ty m\u00e1y m\u00f3c m\u00f4i tr\u01b0\u1eddng, ch\u00fang t\u00f4i t\u00edch h\u1ee3p ph\u00e1t tri\u1ec3n, s\u1ea3n xu\u1ea5t v\u00e0 b\u00e1n h\u00e0ng, t\u1eadp trung v\u00e0o vi\u1ec7c s\u1ea3n xu\u1ea5t nh\u1eefng m\u00e1y m\u00f3c b\u1ea3o v\u1ec7 m\u00f4i tr\u01b0\u1eddng t\u1ed1t nh\u1ea5t cho kh\u00e1ch h\u00e0ng to\u00e0n c\u1ea7u c\u1ee7a ch\u00fang t\u00f4i.<\/p><p>T\u1eadp \u0111o\u00e0n Shuliy ch\u1ecbu tr\u00e1ch nhi\u1ec7m th\u00fac \u0111\u1ea9y c\u00e1c gi\u1ea3i ph\u00e1p t\u00e1i sinh t\u00e0i nguy\u00ean, s\u1ea3n xu\u1ea5t thi\u1ebft b\u1ecb t\u00e1i ch\u1ebf nh\u1ef1a, l\u1ed1p xe v\u00e0 nghi\u1ec1n h\u1ea1t tr\u00ean th\u1ecb tr\u01b0\u1eddng to\u00e0n c\u1ea7u.<\/p><p>Ch\u00fang t\u00f4i \u0111\u01b0\u1ee3c th\u00e0nh l\u1eadp v\u00e0o n\u0103m 2011 v\u00e0 lu\u00f4n ki\u00ean \u0111\u1ecbnh cung c\u1ea5p cho kh\u00e1ch h\u00e0ng c\u00e1c gi\u1ea3i ph\u00e1p t\u00e1i ch\u1ebf ch\u1ea5t th\u1ea3i t\u00edch h\u1ee3p, bao g\u1ed3m t\u00e1i ch\u1ebf nh\u1ef1a, l\u1ed1p v\u00e0 cao su. Cho \u0111\u1ebfn nay, Shuliy \u0111\u00e3 gi\u00fap v\u00f4 s\u1ed1 kh\u00e1ch h\u00e0ng th\u00e0nh c\u00f4ng v\u00e0 thi\u1ebft l\u1eadp doanh nghi\u1ec7p t\u00e1i ch\u1ebf c\u1ee7a ri\u00eang h\u1ecd.<\/p>\t\t\t\t\t\t\t\t<\/div> \t\t\t\t\t<\/div> \t\t\t\t<\/div> \t\t<div class=\"elementor-element elementor-element-7f457f3 e-flex e-con-boxed e-con e-parent\" data-id=\"7f457f3\" data-element_type=\"container\" data-e-type=\"container\"> \t\t\t\t\t<div class=\"e-con-inner\"> \t\t\t\t<div class=\"elementor-element elementor-element-9fb4e0d elementor-widget elementor-widget-heading\" data-id=\"9fb4e0d\" data-element_type=\"widget\" data-e-type=\"widget\" data-widget_type=\"heading.default\"> \t\t\t\t\t<h2 class=\"elementor-heading-title elementor-size-default\">Ch\u00fang t\u00f4i l\u00e0m g\u00ec<\/h2>\t\t\t\t<\/div> \t\t\t\t\t<\/div> \t\t\t\t<\/div> \t\t<div class=\"elementor-element elementor-element-7bf101d e-flex e-con-boxed e-con e-parent\" data-id=\"7bf101d\" data-element_type=\"container\" data-e-type=\"container\"> \t\t\t\t\t<div class=\"e-con-inner\"> \t\t<div class=\"elementor-element elementor-element-354739a e-con-full e-flex e-con e-parent\" data-id=\"354739a\" data-element_type=\"container\" data-e-type=\"container\"> \t\t\t\t<div class=\"elementor-element elementor-element-d159766 elementor-widget elementor-widget-heading\" data-id=\"d159766\" data-element_type=\"widget\" data-e-type=\"widget\" data-widget_type=\"heading.default\"> \t\t\t\t\t<h2 class=\"elementor-heading-title elementor-size-default\">S\u1ea3n ph\u1ea9m<\/h2>\t\t\t\t<\/div> \t\t\t\t<div class=\"elementor-element elementor-element-0b5dc6c elementor-widget elementor-widget-text-editor\" data-id=\"0b5dc6c\" data-element_type=\"widget\" data-e-type=\"widget\" data-widget_type=\"text-editor.default\"> \t\t\t\t\t\t\t\t\t<p>Hi\u1ec7n t\u1ea1i, c\u00e1c s\u1ea3n ph\u1ea9m ch\u00ednh \u0111\u01b0\u1ee3c ph\u00e1t tri\u1ec3n v\u00e0 b\u00e1n b\u1edfi Shuliy l\u00e0 c\u00e1c nh\u00e0 m\u00e1y t\u1ea1o h\u1ea1t nh\u1ef1a\/th\u1ea3i l\u1ed1p, nh\u00e0 m\u00e1y r\u1eeda chai PET v\u00e0 c\u00e1c d\u1ef1 \u00e1n s\u1ea3n xu\u1ea5t \u1ed1ng nh\u1ef1a. T\u1ea5t c\u1ea3 c\u00e1c s\u1ea3n ph\u1ea9m ch\u1ee7 y\u1ebfu \u0111\u01b0\u1ee3c s\u1eed d\u1ee5ng trong vi\u1ec7c t\u00e1i ch\u1ebf nh\u1ef1a\/th\u1ea3i l\u1ed1p, s\u1ea3n xu\u1ea5t \u0111\u1ed3 v\u1eadt b\u1eb1ng nh\u1ef1a v\u00e0 c\u00e1c ng\u00e0nh c\u00f4ng nghi\u1ec7p kh\u00e1c. C\u00e1c vi\u00ean nh\u1ef1a t\u1ea1o ra c\u00f3 th\u1ec3 \u0111\u01b0\u1ee3c s\u1eed d\u1ee5ng tr\u1ef1c ti\u1ebfp trong d\u00e2y chuy\u1ec1n s\u1ea3n xu\u1ea5t \u1ed1ng nh\u1ef1a. C\u00e1c h\u1ea1t nh\u1ef1a\/ cao su c\u00f3 th\u1ec3 \u0111\u01b0\u1ee3c s\u1eed d\u1ee5ng nh\u01b0 c\u00e1c s\u1ea3n ph\u1ea9m c\u00f3 gi\u00e1 tr\u1ecb cao \u0111\u1ec3 b\u00e1n l\u1ea1i. B\u1eb1ng c\u00e1ch n\u00e0y, c\u00e1c nh\u00e0 \u0111\u1ea7u t\u01b0 c\u00f3 th\u1ec3 thu \u0111\u01b0\u1ee3c l\u1ee3i nhu\u1eadn cao. \u0110\u1ed3ng th\u1eddi, n\u00f3 c\u00f3 th\u1ec3 gi\u1ea3i quy\u1ebft c\u00e1c v\u1ea5n \u0111\u1ec1 m\u00f4i tr\u01b0\u1eddng ng\u00e0y c\u00e0ng n\u1ed5i b\u1eadt.<\/p>\t\t\t\t\t\t\t\t<\/div> \t\t\t\t<\/div> \t\t<div class=\"elementor-element elementor-element-a3d18fd e-con-full e-flex e-con e-parent\" data-id=\"a3d18fd\" data-element_type=\"container\" data-e-type=\"container\"> \t\t\t\t<div class=\"elementor-element elementor-element-d615047 elementor-widget elementor-widget-image\" data-id=\"d615047\" data-element_type=\"widget\" data-e-type=\"widget\" data-widget_type=\"image.default\"> \t\t\t\t\t\t\t\t\t\t\t\t\t\t\t<img decoding=\"async\" width=\"720\" height=\"405\" src=\"https:\/\/plasticsl.com\/wp-content\/uploads\/2023\/05\/PET-bottle-washing-line.webp\" class=\"attachment-large size-large wp-image-373\" alt=\"\" srcset=\"https:\/\/plasticsl.com\/wp-content\/uploads\/2023\/05\/PET-bottle-washing-line.webp 720w, https:\/\/plasticsl.com\/wp-content\/uploads\/2023\/05\/PET-bottle-washing-line-360x203.webp 360w\" sizes=\"(max-width: 720px) 100vw, 720px\" \/>\t\t\t\t\t\t\t\t\t\t\t\t\t\t\t<\/div> \t\t\t\t<\/div> \t\t\t\t\t<\/div> \t\t\t\t<\/div> \t\t<div class=\"elementor-element elementor-element-88dbe17 e-flex e-con-boxed e-con e-parent\" data-id=\"88dbe17\" data-element_type=\"container\" data-e-type=\"container\"> \t\t\t\t\t<div class=\"e-con-inner\"> \t\t<div class=\"elementor-element elementor-element-ae42efe e-con-full e-flex e-con e-parent\" data-id=\"ae42efe\" data-element_type=\"container\" data-e-type=\"container\"> \t\t\t\t<div class=\"elementor-element elementor-element-80b6502 elementor-widget elementor-widget-image\" data-id=\"80b6502\" data-element_type=\"widget\" data-e-type=\"widget\" data-widget_type=\"image.default\"> \t\t\t\t\t\t\t\t\t\t\t\t\t\t\t<img decoding=\"async\" width=\"720\" height=\"540\" src=\"https:\/\/plasticsl.com\/wp-content\/uploads\/2023\/05\/solution.webp\" class=\"attachment-large size-large wp-image-374\" alt=\"\" srcset=\"https:\/\/plasticsl.com\/wp-content\/uploads\/2023\/05\/solution.webp 720w, https:\/\/plasticsl.com\/wp-content\/uploads\/2023\/05\/solution-360x270.webp 360w, https:\/\/plasticsl.com\/wp-content\/uploads\/2023\/05\/solution-240x180.webp 240w\" sizes=\"(max-width: 720px) 100vw, 720px\" \/>\t\t\t\t\t\t\t\t\t\t\t\t\t\t\t<\/div> \t\t\t\t<\/div> \t\t<div class=\"elementor-element elementor-element-45af6ec e-con-full e-flex e-con e-parent\" data-id=\"45af6ec\" data-element_type=\"container\" data-e-type=\"container\"> \t\t\t\t<div class=\"elementor-element elementor-element-49adae0 elementor-widget elementor-widget-heading\" data-id=\"49adae0\" data-element_type=\"widget\" data-e-type=\"widget\" data-widget_type=\"heading.default\"> \t\t\t\t\t<h2 class=\"elementor-heading-title elementor-size-default\">Gi\u1ea3i ph\u00e1p<\/h2>\t\t\t\t<\/div> \t\t\t\t<div class=\"elementor-element elementor-element-1908231 elementor-widget elementor-widget-text-editor\" data-id=\"1908231\" data-element_type=\"widget\" data-e-type=\"widget\" data-widget_type=\"text-editor.default\"> \t\t\t\t\t\t\t\t\t<p>V\u1edbi s\u1ef1 ph\u00e1t tri\u1ec3n c\u1ee7a th\u1ecb tr\u01b0\u1eddng to\u00e0n c\u1ea7u v\u00e0 nhu c\u1ea7u c\u1ee7a kh\u00e1ch h\u00e0ng, Shuliy \u0111\u00e3 d\u1ea7n chuy\u1ec3n m\u00ecnh t\u1eeb m\u1ed9t nh\u00e0 cung c\u1ea5p thi\u1ebft b\u1ecb \u0111\u01a1n l\u1ebb th\u00e0nh m\u1ed9t nh\u00e0 cung c\u1ea5p gi\u1ea3i ph\u00e1p t\u00edch h\u1ee3p. Trong nh\u1eefng n\u0103m g\u1ea7n \u0111\u00e2y, ch\u00fang t\u00f4i \u0111\u00e3 thi\u1ebft k\u1ebf th\u00e0nh c\u00f4ng h\u01a1n 30 gi\u1ea3i ph\u00e1p s\u1ea3n xu\u1ea5t vi\u00ean nh\u1ef1a, t\u00f9y ch\u1ec9nh h\u01a1n 20 gi\u1ea3i ph\u00e1p t\u00e1i ch\u1ebf cho vi\u1ec7c t\u00e1i ch\u1ebf l\u1ed1p xe, v\u00e0 cung c\u1ea5p 10 gi\u1ea3i ph\u00e1p s\u1ea3n xu\u1ea5t \u1ed1ng nh\u1ef1a h\u00e0ng \u0111\u1ea7u, v.v.<\/p><p>Trong thi\u1ebft k\u1ebf c\u00e1c gi\u1ea3i ph\u00e1p t\u00edch h\u1ee3p, ch\u00fang t\u00f4i c\u00f3 th\u1ec3 cung c\u1ea5p ph\u00e2n t\u00edch kh\u1ea3 thi c\u1ee7a d\u1ef1 \u00e1n, l\u1ef1a ch\u1ecdn thi\u1ebft b\u1ecb, giao h\u00e0ng logistics, thi\u1ebft k\u1ebf b\u1ed1 tr\u00ed, l\u1eafp \u0111\u1eb7t v\u00e0 v\u1eadn h\u00e0nh, \u0111\u00e0o t\u1ea1o m\u00e1y m\u00f3c v\u00e0 c\u00e1c d\u1ecbch v\u1ee5 kh\u00e1c. T\u1eadp \u0111o\u00e0n Shuliy cung c\u1ea5p cho kh\u00e1ch h\u00e0ng c\u00e1c gi\u1ea3i ph\u00e1p m\u1ed9t c\u1eeda v\u00e0 \u0111\u1ea3m b\u1ea3o s\u1ef1 th\u00e0nh c\u00f4ng c\u1ee7a kh\u00e1ch h\u00e0ng.<\/p>\t\t\t\t\t\t\t\t<\/div> \t\t\t\t<\/div> \t\t\t\t\t<\/div> \t\t\t\t<\/div> \t\t<div class=\"elementor-element elementor-element-5c8ec2a e-flex e-con-boxed e-con e-parent\" data-id=\"5c8ec2a\" data-element_type=\"container\" data-e-type=\"container\"> \t\t\t\t\t<div class=\"e-con-inner\"> \t\t\t\t<div class=\"elementor-element elementor-element-370a0e1 elementor-widget elementor-widget-heading\" data-id=\"370a0e1\" data-element_type=\"widget\" data-e-type=\"widget\" data-widget_type=\"heading.default\"> \t\t\t\t\t<h2 class=\"elementor-heading-title elementor-size-default\">D\u1ecbch v\u1ee5<\/h2>\t\t\t\t<\/div> \t\t\t\t<div class=\"elementor-element elementor-element-95926c0 elementor-widget elementor-widget-text-editor\" data-id=\"95926c0\" data-element_type=\"widget\" data-e-type=\"widget\" data-widget_type=\"text-editor.default\"> \t\t\t\t\t\t\t\t\t<ul><li>D\u1ecbch v\u1ee5 tr\u1ef1c tuy\u1ebfn. B\u1ea1n c\u00f3 th\u1ec3 li\u00ean h\u1ec7 v\u1edbi ch\u00fang t\u00f4i b\u1ea5t c\u1ee9 l\u00fac n\u00e0o v\u00e0 d\u1ef1 \u00e1n chuy\u00ean nghi\u1ec7p c\u1ee7a ch\u00fang t\u00f4i s\u1ebd g\u1eedi cho b\u1ea1n chi ti\u1ebft m\u00e1y trong v\u00f2ng 24 gi\u1edd.<\/li><li>Gi\u1ea3i ph\u00e1p \u0111\u01b0\u1ee3c cung c\u1ea5p. Ch\u00fang t\u00f4i cung c\u1ea5p b\u1ea3n v\u1ebd b\u1ed1 tr\u00ed 3D, d\u1ecbch v\u1ee5 t\u00f9y ch\u1ec9nh v\u00e0 chu\u1ea9n b\u1ecb k\u1ef9 thu\u1eadt.<\/li><li>Cung c\u1ea5p ph\u1ee5 t\u00f9ng. T\u1ea5t c\u1ea3 c\u00e1c ph\u1ee5 t\u00f9ng c\u1ee7a m\u00e1y m\u00f3c t\u00e1i ch\u1ebf c\u00f3 th\u1ec3 \u0111\u01b0\u1ee3c mua t\u1eeb T\u1eadp \u0111o\u00e0n Shuliy.<\/li><li>L\u1eafp \u0111\u1eb7t v\u00e0 \u0111\u00e0o t\u1ea1o. T\u1eadp \u0111o\u00e0n Shuliy cung c\u1ea5p d\u1ecbch v\u1ee5 l\u1eafp \u0111\u1eb7t, \u0111\u00e0o t\u1ea1o v\u00e0 theo d\u00f5i.<\/li><li>Ki\u1ec3m tra m\u1eabu. Ch\u00fang t\u00f4i c\u00f3 th\u1ec3 ki\u1ec3m tra m\u1eabu t\u1eeb kh\u00e1ch h\u00e0ng v\u00e0 ph\u00e2n t\u00edch t\u00ednh kh\u1ea3 thi v\u00e0 l\u1ee3i nhu\u1eadn c\u1ee7a d\u1ef1 \u00e1n cho kh\u00e1ch h\u00e0ng.<\/li><\/ul>\t\t\t\t\t\t\t\t<\/div> \t\t\t\t\t<\/div> \t\t\t\t<\/div> \t\t\t\t<\/div>","protected":false},"excerpt":{"rendered":"<p>About Shuliy Shuliy Group Co.,Ltd. is an environmental machinery company, we integrate development, manufacturing, and selling, concentrating on producing the best environmental protection machinery for our global customers. Shuliy Group is responsible for the promotion of resource regeneration solutions, plastic, tire recycling and granulating equipment manufacturing in the global market. We are founded in 2011 [&hellip;]<\/p>\n","protected":false},"author":1,"featured_media":0,"parent":0,"menu_order":0,"comment_status":"closed","ping_status":"closed","template":"","meta":{"footnotes":""},"class_list":["post-237","page","type-page","status-publish","hentry"],"_links":{"self":[{"href":"https:\/\/plasticsl.com\/vi\/wp-json\/wp\/v2\/pages\/237","targetHints":{"allow":["GET"]}}],"collection":[{"href":"https:\/\/plasticsl.com\/vi\/wp-json\/wp\/v2\/pages"}],"about":[{"href":"https:\/\/plasticsl.com\/vi\/wp-json\/wp\/v2\/types\/page"}],"author":[{"embeddable":true,"href":"https:\/\/plasticsl.com\/vi\/wp-json\/wp\/v2\/users\/1"}],"replies":[{"embeddable":true,"href":"https:\/\/plasticsl.com\/vi\/wp-json\/wp\/v2\/comments?post=237"}],"version-history":[{"count":0,"href":"https:\/\/plasticsl.com\/vi\/wp-json\/wp\/v2\/pages\/237\/revisions"}],"wp:attachment":[{"href":"https:\/\/plasticsl.com\/vi\/wp-json\/wp\/v2\/media?parent=237"}],"curies":[{"name":"wp","href":"https:\/\/api.w.org\/{rel}","templated":true}]}}