{"id":237,"date":"2023-05-30T09:03:15","date_gmt":"2023-05-30T01:03:15","guid":{"rendered":"https:\/\/plasticsl.com\/?page_id=237"},"modified":"2023-05-31T09:56:50","modified_gmt":"2023-05-31T01:56:50","slug":"sirket-profili","status":"publish","type":"page","link":"https:\/\/plasticsl.com\/tr\/company-profile\/","title":{"rendered":"\u015eirket Profili"},"content":{"rendered":"<div data-elementor-type=\"wp-page\" data-elementor-id=\"237\" class=\"elementor elementor-237\" data-elementor-post-type=\"page\"> \t\t\t\t<div class=\"elementor-element elementor-element-316c254 e-flex e-con-boxed e-con e-parent\" data-id=\"316c254\" data-element_type=\"container\" data-e-type=\"container\"> \t\t\t\t\t<div class=\"e-con-inner\"> \t\t\t\t<div class=\"elementor-element elementor-element-407687b elementor-widget elementor-widget-heading\" data-id=\"407687b\" data-element_type=\"widget\" data-e-type=\"widget\" data-widget_type=\"heading.default\"> \t\t\t\t\t<h2 class=\"elementor-heading-title elementor-size-default\">Shuliy Hakk\u0131nda<\/h2>\t\t\t\t<\/div> \t\t\t\t<div class=\"elementor-element elementor-element-91c6de7 elementor-widget elementor-widget-image\" data-id=\"91c6de7\" data-element_type=\"widget\" data-e-type=\"widget\" data-widget_type=\"image.default\"> \t\t\t\t\t\t\t\t\t\t\t\t\t\t\t<img fetchpriority=\"high\" decoding=\"async\" width=\"720\" height=\"377\" src=\"https:\/\/plasticsl.com\/wp-content\/uploads\/2023\/05\/shuliy-machinery-factory-768x402-1-720x377.webp\" class=\"attachment-large size-large wp-image-371\" alt=\"\" srcset=\"https:\/\/plasticsl.com\/wp-content\/uploads\/2023\/05\/shuliy-machinery-factory-768x402-1-720x377.webp 720w, https:\/\/plasticsl.com\/wp-content\/uploads\/2023\/05\/shuliy-machinery-factory-768x402-1-360x188.webp 360w, https:\/\/plasticsl.com\/wp-content\/uploads\/2023\/05\/shuliy-machinery-factory-768x402-1.webp 768w\" sizes=\"(max-width: 720px) 100vw, 720px\" \/>\t\t\t\t\t\t\t\t\t\t\t\t\t\t\t<\/div> \t\t\t\t<div class=\"elementor-element elementor-element-6536670 elementor-widget elementor-widget-text-editor\" data-id=\"6536670\" data-element_type=\"widget\" data-e-type=\"widget\" data-widget_type=\"text-editor.default\"> \t\t\t\t\t\t\t\t\t<p>Shuliy Group Co.,Ltd. bir \u00e7evre makineleri \u015firketidir, geli\u015ftirme, \u00fcretim ve sat\u0131\u015f s\u00fcre\u00e7lerini entegre ederek, k\u00fcresel m\u00fc\u015fterilerimiz i\u00e7in en iyi \u00e7evre koruma makinelerini \u00fcretmeye odaklan\u0131yoruz.<\/p><p>Shuliy Grubu, k\u00fcresel pazarda kaynak yenileme \u00e7\u00f6z\u00fcmlerinin, plastik, lastik geri d\u00f6n\u00fc\u015f\u00fcm ve gran\u00fclleme ekipmanlar\u0131n\u0131n tan\u0131t\u0131m\u0131ndan sorumludur.<\/p><p>2011 y\u0131l\u0131nda kuruldu ve her zaman m\u00fc\u015fterilere entegre at\u0131k geri d\u00f6n\u00fc\u015f\u00fcm \u00e7\u00f6z\u00fcmleri sunmaya \u0131srar ettik, bunlar aras\u0131nda at\u0131k plastik, lastik ve kau\u00e7uk geri d\u00f6n\u00fc\u015f\u00fcm\u00fc bulunmaktad\u0131r. \u015eu ana kadar, Shuliy say\u0131s\u0131z m\u00fc\u015fterinin ba\u015far\u0131l\u0131 olmas\u0131na ve kendi geri d\u00f6n\u00fc\u015f\u00fcm i\u015flerini kurmas\u0131na yard\u0131mc\u0131 oldu.<\/p>\t\t\t\t\t\t\t\t<\/div> \t\t\t\t\t<\/div> \t\t\t\t<\/div> \t\t<div class=\"elementor-element elementor-element-7f457f3 e-flex e-con-boxed e-con e-parent\" data-id=\"7f457f3\" data-element_type=\"container\" data-e-type=\"container\"> \t\t\t\t\t<div class=\"e-con-inner\"> \t\t\t\t<div class=\"elementor-element elementor-element-9fb4e0d elementor-widget elementor-widget-heading\" data-id=\"9fb4e0d\" data-element_type=\"widget\" data-e-type=\"widget\" data-widget_type=\"heading.default\"> \t\t\t\t\t<h2 class=\"elementor-heading-title elementor-size-default\">Ne Yap\u0131yoruz<\/h2>\t\t\t\t<\/div> \t\t\t\t\t<\/div> \t\t\t\t<\/div> \t\t<div class=\"elementor-element elementor-element-7bf101d e-flex e-con-boxed e-con e-parent\" data-id=\"7bf101d\" data-element_type=\"container\" data-e-type=\"container\"> \t\t\t\t\t<div class=\"e-con-inner\"> \t\t<div class=\"elementor-element elementor-element-354739a e-con-full e-flex e-con e-parent\" data-id=\"354739a\" data-element_type=\"container\" data-e-type=\"container\"> \t\t\t\t<div class=\"elementor-element elementor-element-d159766 elementor-widget elementor-widget-heading\" data-id=\"d159766\" data-element_type=\"widget\" data-e-type=\"widget\" data-widget_type=\"heading.default\"> \t\t\t\t\t<h2 class=\"elementor-heading-title elementor-size-default\">\u00dcr\u00fcnler<\/h2>\t\t\t\t<\/div> \t\t\t\t<div class=\"elementor-element elementor-element-0b5dc6c elementor-widget elementor-widget-text-editor\" data-id=\"0b5dc6c\" data-element_type=\"widget\" data-e-type=\"widget\" data-widget_type=\"text-editor.default\"> \t\t\t\t\t\t\t\t\t<p>\u015eu anda, Shuliy taraf\u0131ndan geli\u015ftirilen ve sat\u0131lan ana \u00fcr\u00fcnler at\u0131k plastik\/lastik gran\u00fclleme tesisleri, PET \u015fi\u015fe y\u0131kama tesisi ve plastik boru \u00fcretim projeleridir. T\u00fcm \u00fcr\u00fcnler esasen at\u0131k plastik\/lastik geri d\u00f6n\u00fc\u015f\u00fcm\u00fc, plastik nesne \u00fcretimi ve di\u011fer sanayilerde kullan\u0131lmaktad\u0131r. \u00dcretilen plastik peletler do\u011frudan plastik boru \u00fcretim hatt\u0131nda kullan\u0131labilir. Plastik\/lastik gran\u00fcller, ikincil sat\u0131\u015flar i\u00e7in y\u00fcksek de\u011ferli \u00fcr\u00fcnler olarak kullan\u0131labilir. Bu \u015fekilde, yat\u0131r\u0131mc\u0131lar y\u00fcksek kar elde edebilir. Ayn\u0131 zamanda, giderek belirginle\u015fen \u00e7evresel sorunlar\u0131 da \u00e7\u00f6zebilir.<\/p>\t\t\t\t\t\t\t\t<\/div> \t\t\t\t<\/div> \t\t<div class=\"elementor-element elementor-element-a3d18fd e-con-full e-flex e-con e-parent\" data-id=\"a3d18fd\" data-element_type=\"container\" data-e-type=\"container\"> \t\t\t\t<div class=\"elementor-element elementor-element-d615047 elementor-widget elementor-widget-image\" data-id=\"d615047\" data-element_type=\"widget\" data-e-type=\"widget\" data-widget_type=\"image.default\"> \t\t\t\t\t\t\t\t\t\t\t\t\t\t\t<img decoding=\"async\" width=\"720\" height=\"405\" src=\"https:\/\/plasticsl.com\/wp-content\/uploads\/2023\/05\/PET-bottle-washing-line.webp\" class=\"attachment-large size-large wp-image-373\" alt=\"\" srcset=\"https:\/\/plasticsl.com\/wp-content\/uploads\/2023\/05\/PET-bottle-washing-line.webp 720w, https:\/\/plasticsl.com\/wp-content\/uploads\/2023\/05\/PET-bottle-washing-line-360x203.webp 360w\" sizes=\"(max-width: 720px) 100vw, 720px\" \/>\t\t\t\t\t\t\t\t\t\t\t\t\t\t\t<\/div> \t\t\t\t<\/div> \t\t\t\t\t<\/div> \t\t\t\t<\/div> \t\t<div class=\"elementor-element elementor-element-88dbe17 e-flex e-con-boxed e-con e-parent\" data-id=\"88dbe17\" data-element_type=\"container\" data-e-type=\"container\"> \t\t\t\t\t<div class=\"e-con-inner\"> \t\t<div class=\"elementor-element elementor-element-ae42efe e-con-full e-flex e-con e-parent\" data-id=\"ae42efe\" data-element_type=\"container\" data-e-type=\"container\"> \t\t\t\t<div class=\"elementor-element elementor-element-80b6502 elementor-widget elementor-widget-image\" data-id=\"80b6502\" data-element_type=\"widget\" data-e-type=\"widget\" data-widget_type=\"image.default\"> \t\t\t\t\t\t\t\t\t\t\t\t\t\t\t<img decoding=\"async\" width=\"720\" height=\"540\" src=\"https:\/\/plasticsl.com\/wp-content\/uploads\/2023\/05\/solution.webp\" class=\"attachment-large size-large wp-image-374\" alt=\"\" srcset=\"https:\/\/plasticsl.com\/wp-content\/uploads\/2023\/05\/solution.webp 720w, https:\/\/plasticsl.com\/wp-content\/uploads\/2023\/05\/solution-360x270.webp 360w, https:\/\/plasticsl.com\/wp-content\/uploads\/2023\/05\/solution-240x180.webp 240w\" sizes=\"(max-width: 720px) 100vw, 720px\" \/>\t\t\t\t\t\t\t\t\t\t\t\t\t\t\t<\/div> \t\t\t\t<\/div> \t\t<div class=\"elementor-element elementor-element-45af6ec e-con-full e-flex e-con e-parent\" data-id=\"45af6ec\" data-element_type=\"container\" data-e-type=\"container\"> \t\t\t\t<div class=\"elementor-element elementor-element-49adae0 elementor-widget elementor-widget-heading\" data-id=\"49adae0\" data-element_type=\"widget\" data-e-type=\"widget\" data-widget_type=\"heading.default\"> \t\t\t\t\t<h2 class=\"elementor-heading-title elementor-size-default\">\u00c7\u00f6z\u00fcmler<\/h2>\t\t\t\t<\/div> \t\t\t\t<div class=\"elementor-element elementor-element-1908231 elementor-widget elementor-widget-text-editor\" data-id=\"1908231\" data-element_type=\"widget\" data-e-type=\"widget\" data-widget_type=\"text-editor.default\"> \t\t\t\t\t\t\t\t\t<p>K\u00fcresel pazardaki geli\u015fmeler ve m\u00fc\u015fteri talepleri ile Shuliy, zamanla tek bir ekipman tedarik\u00e7isinden entegre bir \u00e7\u00f6z\u00fcm sa\u011flay\u0131c\u0131s\u0131na d\u00f6n\u00fc\u015fm\u00fc\u015ft\u00fcr. Son y\u0131llarda, 30'dan fazla plastik peletleme \u00e7\u00f6z\u00fcm\u00fc tasarlam\u0131\u015f, at\u0131k lastik geri d\u00f6n\u00fc\u015f\u00fcm\u00fc i\u00e7in 20'den fazla \u00f6zelle\u015ftirilmi\u015f geri d\u00f6n\u00fc\u015f\u00fcm \u00e7\u00f6z\u00fcm\u00fc sunmu\u015f ve en iyi 10 plastik boru \u00fcretim \u00e7\u00f6z\u00fcm\u00fcn\u00fc sa\u011flam\u0131\u015f bulunmaktay\u0131z.<\/p><p>Entegre \u00e7\u00f6z\u00fcmlerin tasar\u0131m\u0131nda, proje fizibilite analizi, ekipman se\u00e7imi, lojistik teslimat, yerle\u015fim tasar\u0131m\u0131, kurulum ve i\u015fletme, makine e\u011fitimi ve di\u011fer hizmetleri sunabiliyoruz. Shuliy Grubu, m\u00fc\u015fterilere tek durak \u00e7\u00f6z\u00fcmleri sunmakta ve m\u00fc\u015fteri ba\u015far\u0131s\u0131n\u0131 garanti etmektedir.<\/p>\t\t\t\t\t\t\t\t<\/div> \t\t\t\t<\/div> \t\t\t\t\t<\/div> \t\t\t\t<\/div> \t\t<div class=\"elementor-element elementor-element-5c8ec2a e-flex e-con-boxed e-con e-parent\" data-id=\"5c8ec2a\" data-element_type=\"container\" data-e-type=\"container\"> \t\t\t\t\t<div class=\"e-con-inner\"> \t\t\t\t<div class=\"elementor-element elementor-element-370a0e1 elementor-widget elementor-widget-heading\" data-id=\"370a0e1\" data-element_type=\"widget\" data-e-type=\"widget\" data-widget_type=\"heading.default\"> \t\t\t\t\t<h2 class=\"elementor-heading-title elementor-size-default\">Hizmetler<\/h2>\t\t\t\t<\/div> \t\t\t\t<div class=\"elementor-element elementor-element-95926c0 elementor-widget elementor-widget-text-editor\" data-id=\"95926c0\" data-element_type=\"widget\" data-e-type=\"widget\" data-widget_type=\"text-editor.default\"> \t\t\t\t\t\t\t\t\t<ul><li>\u00c7evrimi\u00e7i hizmet. Bizimle istedi\u011finiz zaman ileti\u015fime ge\u00e7ebilirsiniz ve profesyonel projemiz size 24 saat i\u00e7inde makine detaylar\u0131n\u0131 g\u00f6nderecektir.<\/li><li>Sa\u011flanan \u00e7\u00f6z\u00fcm. 3D yerle\u015fim \u00e7izimleri, \u00f6zelle\u015ftirilmi\u015f hizmetler ve teknik haz\u0131rl\u0131k sa\u011fl\u0131yoruz.<\/li><li>Yedek par\u00e7a temini. Geri d\u00f6n\u00fc\u015f\u00fcm makinelerinin t\u00fcm yedek par\u00e7alar\u0131 Shuliy Grubu'ndan sat\u0131n al\u0131nabilir.<\/li><li>Kurulum ve e\u011fitim. Shuliy Grubu kurulum, e\u011fitim ve takip hizmetleri sunmaktad\u0131r.<\/li><li>\u00d6rnek test etme. M\u00fc\u015fteriden \u00f6rnekleri test edebilir ve projenin uygulanabilirli\u011fini ve karl\u0131l\u0131\u011f\u0131n\u0131 analiz edebiliriz.<\/li><\/ul>\t\t\t\t\t\t\t\t<\/div> \t\t\t\t\t<\/div> \t\t\t\t<\/div> \t\t\t\t<\/div>","protected":false},"excerpt":{"rendered":"<p>About Shuliy Shuliy Group Co.,Ltd. is an environmental machinery company, we integrate development, manufacturing, and selling, concentrating on producing the best environmental protection machinery for our global customers. Shuliy Group is responsible for the promotion of resource regeneration solutions, plastic, tire recycling and granulating equipment manufacturing in the global market. We are founded in 2011 [&hellip;]<\/p>\n","protected":false},"author":1,"featured_media":0,"parent":0,"menu_order":0,"comment_status":"closed","ping_status":"closed","template":"","meta":{"footnotes":""},"class_list":["post-237","page","type-page","status-publish","hentry"],"_links":{"self":[{"href":"https:\/\/plasticsl.com\/tr\/wp-json\/wp\/v2\/pages\/237","targetHints":{"allow":["GET"]}}],"collection":[{"href":"https:\/\/plasticsl.com\/tr\/wp-json\/wp\/v2\/pages"}],"about":[{"href":"https:\/\/plasticsl.com\/tr\/wp-json\/wp\/v2\/types\/page"}],"author":[{"embeddable":true,"href":"https:\/\/plasticsl.com\/tr\/wp-json\/wp\/v2\/users\/1"}],"replies":[{"embeddable":true,"href":"https:\/\/plasticsl.com\/tr\/wp-json\/wp\/v2\/comments?post=237"}],"version-history":[{"count":0,"href":"https:\/\/plasticsl.com\/tr\/wp-json\/wp\/v2\/pages\/237\/revisions"}],"wp:attachment":[{"href":"https:\/\/plasticsl.com\/tr\/wp-json\/wp\/v2\/media?parent=237"}],"curies":[{"name":"wp","href":"https:\/\/api.w.org\/{rel}","templated":true}]}}