{"id":237,"date":"2023-05-30T09:03:15","date_gmt":"2023-05-30T01:03:15","guid":{"rendered":"https:\/\/plasticsl.com\/?page_id=237"},"modified":"2023-05-31T09:56:50","modified_gmt":"2023-05-31T01:56:50","slug":"profil-ya-kampuni","status":"publish","type":"page","link":"https:\/\/plasticsl.com\/sw\/company-profile\/","title":{"rendered":"Profili ya Kampuni"},"content":{"rendered":"<div data-elementor-type=\"wp-page\" data-elementor-id=\"237\" class=\"elementor elementor-237\" data-elementor-post-type=\"page\"> \t\t\t\t<div class=\"elementor-element elementor-element-316c254 e-flex e-con-boxed e-con e-parent\" data-id=\"316c254\" data-element_type=\"container\" data-e-type=\"container\"> \t\t\t\t\t<div class=\"e-con-inner\"> \t\t\t\t<div class=\"elementor-element elementor-element-407687b elementor-widget elementor-widget-heading\" data-id=\"407687b\" data-element_type=\"widget\" data-e-type=\"widget\" data-widget_type=\"heading.default\"> \t\t\t\t\t<h2 class=\"elementor-heading-title elementor-size-default\">Kuhusu Shuliy<\/h2>\t\t\t\t<\/div> \t\t\t\t<div class=\"elementor-element elementor-element-91c6de7 elementor-widget elementor-widget-image\" data-id=\"91c6de7\" data-element_type=\"widget\" data-e-type=\"widget\" data-widget_type=\"image.default\"> \t\t\t\t\t\t\t\t\t\t\t\t\t\t\t<img fetchpriority=\"high\" decoding=\"async\" width=\"720\" height=\"377\" src=\"https:\/\/plasticsl.com\/wp-content\/uploads\/2023\/05\/shuliy-machinery-factory-768x402-1-720x377.webp\" class=\"attachment-large size-large wp-image-371\" alt=\"\" srcset=\"https:\/\/plasticsl.com\/wp-content\/uploads\/2023\/05\/shuliy-machinery-factory-768x402-1-720x377.webp 720w, https:\/\/plasticsl.com\/wp-content\/uploads\/2023\/05\/shuliy-machinery-factory-768x402-1-360x188.webp 360w, https:\/\/plasticsl.com\/wp-content\/uploads\/2023\/05\/shuliy-machinery-factory-768x402-1.webp 768w\" sizes=\"(max-width: 720px) 100vw, 720px\" \/>\t\t\t\t\t\t\t\t\t\t\t\t\t\t\t<\/div> \t\t\t\t<div class=\"elementor-element elementor-element-6536670 elementor-widget elementor-widget-text-editor\" data-id=\"6536670\" data-element_type=\"widget\" data-e-type=\"widget\" data-widget_type=\"text-editor.default\"> \t\t\t\t\t\t\t\t\t<p>Shuliy Group Co., Ltd. ni kampuni ya mashine za mazingira, tunajumuisha maendeleo, utengenezaji, na mauzo, tukizingatia kutengeneza mashine bora za ulinzi wa mazingira kwa wateja wetu wa kimataifa.<\/p><p>Shuliy Group inahusika na kukuza suluhisho za urejeleaji wa rasilimali, plastiki, up recycling wa matairi na utengenezaji wa vifaa vya granulating katika soko la kimataifa.<\/p><p>Tulianzishwa mwaka 2011 na daima tumesisitiza kutoa wateja suluhisho za pamoja za kurejeleza taka, ikiwa ni pamoja na kurejeleza plastiki, matairi na mpira. Hadi sasa, Shuliy imewasaidia wateja wengi kufanikiwa na kuanzisha biashara zao za kurejeleza.<\/p>\t\t\t\t\t\t\t\t<\/div> \t\t\t\t\t<\/div> \t\t\t\t<\/div> \t\t<div class=\"elementor-element elementor-element-7f457f3 e-flex e-con-boxed e-con e-parent\" data-id=\"7f457f3\" data-element_type=\"container\" data-e-type=\"container\"> \t\t\t\t\t<div class=\"e-con-inner\"> \t\t\t\t<div class=\"elementor-element elementor-element-9fb4e0d elementor-widget elementor-widget-heading\" data-id=\"9fb4e0d\" data-element_type=\"widget\" data-e-type=\"widget\" data-widget_type=\"heading.default\"> \t\t\t\t\t<h2 class=\"elementor-heading-title elementor-size-default\">Tunachofanya<\/h2>\t\t\t\t<\/div> \t\t\t\t\t<\/div> \t\t\t\t<\/div> \t\t<div class=\"elementor-element elementor-element-7bf101d e-flex e-con-boxed e-con e-parent\" data-id=\"7bf101d\" data-element_type=\"container\" data-e-type=\"container\"> \t\t\t\t\t<div class=\"e-con-inner\"> \t\t<div class=\"elementor-element elementor-element-354739a e-con-full e-flex e-con e-parent\" data-id=\"354739a\" data-element_type=\"container\" data-e-type=\"container\"> \t\t\t\t<div class=\"elementor-element elementor-element-d159766 elementor-widget elementor-widget-heading\" data-id=\"d159766\" data-element_type=\"widget\" data-e-type=\"widget\" data-widget_type=\"heading.default\"> \t\t\t\t\t<h2 class=\"elementor-heading-title elementor-size-default\">Produkter<\/h2>\t\t\t\t<\/div> \t\t\t\t<div class=\"elementor-element elementor-element-0b5dc6c elementor-widget elementor-widget-text-editor\" data-id=\"0b5dc6c\" data-element_type=\"widget\" data-e-type=\"widget\" data-widget_type=\"text-editor.default\"> \t\t\t\t\t\t\t\t\t<p>F\u00f6r n\u00e4rvarande \u00e4r de huvudsakliga produkter som utvecklas och s\u00e4ljs av Shuliy avfall plast\/d\u00e4ck granuleringsanl\u00e4ggningar, PET-flasktv\u00e4ttanl\u00e4ggningar och tillverkningsprojekt f\u00f6r plastpipor. Alla produkter anv\u00e4nds fr\u00e4mst inom \u00e5tervinning av avfall plast\/d\u00e4ck, produktion av plastobjekt och andra industrier. De genererade plastpelletarna kan anv\u00e4ndas direkt i produktionslinjen f\u00f6r plastpipor. Plast\/gummigranuler kan anv\u00e4ndas som h\u00f6gv\u00e4rdiga produkter f\u00f6r sekund\u00e4r f\u00f6rs\u00e4ljning. P\u00e5 s\u00e5 s\u00e4tt kan investerare f\u00e5 en h\u00f6g vinst. Samtidigt kan det l\u00f6sa alltmer framtr\u00e4dande milj\u00f6problem.<\/p>\t\t\t\t\t\t\t\t<\/div> \t\t\t\t<\/div> \t\t<div class=\"elementor-element elementor-element-a3d18fd e-con-full e-flex e-con e-parent\" data-id=\"a3d18fd\" data-element_type=\"container\" data-e-type=\"container\"> \t\t\t\t<div class=\"elementor-element elementor-element-d615047 elementor-widget elementor-widget-image\" data-id=\"d615047\" data-element_type=\"widget\" data-e-type=\"widget\" data-widget_type=\"image.default\"> \t\t\t\t\t\t\t\t\t\t\t\t\t\t\t<img decoding=\"async\" width=\"720\" height=\"405\" src=\"https:\/\/plasticsl.com\/wp-content\/uploads\/2023\/05\/PET-bottle-washing-line.webp\" class=\"attachment-large size-large wp-image-373\" alt=\"\" srcset=\"https:\/\/plasticsl.com\/wp-content\/uploads\/2023\/05\/PET-bottle-washing-line.webp 720w, https:\/\/plasticsl.com\/wp-content\/uploads\/2023\/05\/PET-bottle-washing-line-360x203.webp 360w\" sizes=\"(max-width: 720px) 100vw, 720px\" \/>\t\t\t\t\t\t\t\t\t\t\t\t\t\t\t<\/div> \t\t\t\t<\/div> \t\t\t\t\t<\/div> \t\t\t\t<\/div> \t\t<div class=\"elementor-element elementor-element-88dbe17 e-flex e-con-boxed e-con e-parent\" data-id=\"88dbe17\" data-element_type=\"container\" data-e-type=\"container\"> \t\t\t\t\t<div class=\"e-con-inner\"> \t\t<div class=\"elementor-element elementor-element-ae42efe e-con-full e-flex e-con e-parent\" data-id=\"ae42efe\" data-element_type=\"container\" data-e-type=\"container\"> \t\t\t\t<div class=\"elementor-element elementor-element-80b6502 elementor-widget elementor-widget-image\" data-id=\"80b6502\" data-element_type=\"widget\" data-e-type=\"widget\" data-widget_type=\"image.default\"> \t\t\t\t\t\t\t\t\t\t\t\t\t\t\t<img decoding=\"async\" width=\"720\" height=\"540\" src=\"https:\/\/plasticsl.com\/wp-content\/uploads\/2023\/05\/solution.webp\" class=\"attachment-large size-large wp-image-374\" alt=\"\" srcset=\"https:\/\/plasticsl.com\/wp-content\/uploads\/2023\/05\/solution.webp 720w, https:\/\/plasticsl.com\/wp-content\/uploads\/2023\/05\/solution-360x270.webp 360w, https:\/\/plasticsl.com\/wp-content\/uploads\/2023\/05\/solution-240x180.webp 240w\" sizes=\"(max-width: 720px) 100vw, 720px\" \/>\t\t\t\t\t\t\t\t\t\t\t\t\t\t\t<\/div> \t\t\t\t<\/div> \t\t<div class=\"elementor-element elementor-element-45af6ec e-con-full e-flex e-con e-parent\" data-id=\"45af6ec\" data-element_type=\"container\" data-e-type=\"container\"> \t\t\t\t<div class=\"elementor-element elementor-element-49adae0 elementor-widget elementor-widget-heading\" data-id=\"49adae0\" data-element_type=\"widget\" data-e-type=\"widget\" data-widget_type=\"heading.default\"> \t\t\t\t\t<h2 class=\"elementor-heading-title elementor-size-default\">L\u00f6sningar<\/h2>\t\t\t\t<\/div> \t\t\t\t<div class=\"elementor-element elementor-element-1908231 elementor-widget elementor-widget-text-editor\" data-id=\"1908231\" data-element_type=\"widget\" data-e-type=\"widget\" data-widget_type=\"text-editor.default\"> \t\t\t\t\t\t\t\t\t<p>Med utvecklingen p\u00e5 den globala marknaden och kundernas krav har Shuliy gradvis omvandlats fr\u00e5n en enskild utrustningsleverant\u00f6r till en integrerad l\u00f6sningsleverant\u00f6r. Under de senaste \u00e5ren har vi framg\u00e5ngsrikt designat \u00f6ver 30 plastpelletiseringsl\u00f6sningar, anpassat \u00f6ver 20 \u00e5tervinningsl\u00f6sningar f\u00f6r \u00e5tervinning av avfallsd\u00e4ck och tillhandah\u00e5llit de 10 b\u00e4sta produktionsl\u00f6sningarna f\u00f6r plastpipor, etc.<\/p><p>I utformningen av integrerade l\u00f6sningar kan vi erbjuda projektgenomf\u00f6rbarhetsanalys, utrustningsval, logistikleverans, layoutdesign, installation och drift, maskintr\u00e4ning och andra tj\u00e4nster. Shuliy Group erbjuder kunderna helhetsl\u00f6sningar och s\u00e4kerst\u00e4ller kundens framg\u00e5ng.<\/p>\t\t\t\t\t\t\t\t<\/div> \t\t\t\t<\/div> \t\t\t\t\t<\/div> \t\t\t\t<\/div> \t\t<div class=\"elementor-element elementor-element-5c8ec2a e-flex e-con-boxed e-con e-parent\" data-id=\"5c8ec2a\" data-element_type=\"container\" data-e-type=\"container\"> \t\t\t\t\t<div class=\"e-con-inner\"> \t\t\t\t<div class=\"elementor-element elementor-element-370a0e1 elementor-widget elementor-widget-heading\" data-id=\"370a0e1\" data-element_type=\"widget\" data-e-type=\"widget\" data-widget_type=\"heading.default\"> \t\t\t\t\t<h2 class=\"elementor-heading-title elementor-size-default\">Huduma<\/h2>\t\t\t\t<\/div> \t\t\t\t<div class=\"elementor-element elementor-element-95926c0 elementor-widget elementor-widget-text-editor\" data-id=\"95926c0\" data-element_type=\"widget\" data-e-type=\"widget\" data-widget_type=\"text-editor.default\"> \t\t\t\t\t\t\t\t\t<ul><li>Tj\u00e4nst online. Du kan kontakta oss n\u00e4r som helst och v\u00e5rt professionella projekt kommer att skicka maskindetaljer inom 24 timmar.<\/li><li>L\u00f6sning tillhandah\u00e5llen. Vi tillhandah\u00e5ller 3D-layoutritningar, anpassade tj\u00e4nster och teknisk f\u00f6rberedelse.<\/li><li>Reservdelsf\u00f6rs\u00f6rjning. Alla reservdelar till \u00e5tervinningsmaskiner kan k\u00f6pas fr\u00e5n Shuliy Group.<\/li><li>Installation och utbildning. Shuliy Group tillhandah\u00e5ller installations-, utbildnings- och uppf\u00f6ljningstj\u00e4nster.<\/li><li>Provtestning. Vi kan testa prover fr\u00e5n kunder och analysera projektets genomf\u00f6rbarhet och l\u00f6nsamhet f\u00f6r v\u00e5ra kunder.<\/li><\/ul>\t\t\t\t\t\t\t\t<\/div> \t\t\t\t\t<\/div> \t\t\t\t<\/div> \t\t\t\t<\/div>","protected":false},"excerpt":{"rendered":"<p>About Shuliy Shuliy Group Co.,Ltd. is an environmental machinery company, we integrate development, manufacturing, and selling, concentrating on producing the best environmental protection machinery for our global customers. Shuliy Group is responsible for the promotion of resource regeneration solutions, plastic, tire recycling and granulating equipment manufacturing in the global market. We are founded in 2011 [&hellip;]<\/p>\n","protected":false},"author":1,"featured_media":0,"parent":0,"menu_order":0,"comment_status":"closed","ping_status":"closed","template":"","meta":{"footnotes":""},"class_list":["post-237","page","type-page","status-publish","hentry"],"_links":{"self":[{"href":"https:\/\/plasticsl.com\/sw\/wp-json\/wp\/v2\/pages\/237","targetHints":{"allow":["GET"]}}],"collection":[{"href":"https:\/\/plasticsl.com\/sw\/wp-json\/wp\/v2\/pages"}],"about":[{"href":"https:\/\/plasticsl.com\/sw\/wp-json\/wp\/v2\/types\/page"}],"author":[{"embeddable":true,"href":"https:\/\/plasticsl.com\/sw\/wp-json\/wp\/v2\/users\/1"}],"replies":[{"embeddable":true,"href":"https:\/\/plasticsl.com\/sw\/wp-json\/wp\/v2\/comments?post=237"}],"version-history":[{"count":0,"href":"https:\/\/plasticsl.com\/sw\/wp-json\/wp\/v2\/pages\/237\/revisions"}],"wp:attachment":[{"href":"https:\/\/plasticsl.com\/sw\/wp-json\/wp\/v2\/media?parent=237"}],"curies":[{"name":"wp","href":"https:\/\/api.w.org\/{rel}","templated":true}]}}