{"id":237,"date":"2023-05-30T09:03:15","date_gmt":"2023-05-30T01:03:15","guid":{"rendered":"https:\/\/plasticsl.com\/?page_id=237"},"modified":"2023-05-31T09:56:50","modified_gmt":"2023-05-31T01:56:50","slug":"perfil-da-empresa","status":"publish","type":"page","link":"https:\/\/plasticsl.com\/pt\/company-profile\/","title":{"rendered":"Perfil da Empresa"},"content":{"rendered":"<div data-elementor-type=\"wp-page\" data-elementor-id=\"237\" class=\"elementor elementor-237\" data-elementor-post-type=\"page\"> \t\t\t\t<div class=\"elementor-element elementor-element-316c254 e-flex e-con-boxed e-con e-parent\" data-id=\"316c254\" data-element_type=\"container\" data-e-type=\"container\"> \t\t\t\t\t<div class=\"e-con-inner\"> \t\t\t\t<div class=\"elementor-element elementor-element-407687b elementor-widget elementor-widget-heading\" data-id=\"407687b\" data-element_type=\"widget\" data-e-type=\"widget\" data-widget_type=\"heading.default\"> \t\t\t\t\t<h2 class=\"elementor-heading-title elementor-size-default\">Sobre a Shuliy<\/h2>\t\t\t\t<\/div> \t\t\t\t<div class=\"elementor-element elementor-element-91c6de7 elementor-widget elementor-widget-image\" data-id=\"91c6de7\" data-element_type=\"widget\" data-e-type=\"widget\" data-widget_type=\"image.default\"> \t\t\t\t\t\t\t\t\t\t\t\t\t\t\t<img fetchpriority=\"high\" decoding=\"async\" width=\"720\" height=\"377\" src=\"https:\/\/plasticsl.com\/wp-content\/uploads\/2023\/05\/shuliy-machinery-factory-768x402-1-720x377.webp\" class=\"attachment-large size-large wp-image-371\" alt=\"\" srcset=\"https:\/\/plasticsl.com\/wp-content\/uploads\/2023\/05\/shuliy-machinery-factory-768x402-1-720x377.webp 720w, https:\/\/plasticsl.com\/wp-content\/uploads\/2023\/05\/shuliy-machinery-factory-768x402-1-360x188.webp 360w, https:\/\/plasticsl.com\/wp-content\/uploads\/2023\/05\/shuliy-machinery-factory-768x402-1.webp 768w\" sizes=\"(max-width: 720px) 100vw, 720px\" \/>\t\t\t\t\t\t\t\t\t\t\t\t\t\t\t<\/div> \t\t\t\t<div class=\"elementor-element elementor-element-6536670 elementor-widget elementor-widget-text-editor\" data-id=\"6536670\" data-element_type=\"widget\" data-e-type=\"widget\" data-widget_type=\"text-editor.default\"> \t\t\t\t\t\t\t\t\t<p>A Shuliy Group Co., Ltd. \u00e9 uma empresa de m\u00e1quinas ambientais, integramos desenvolvimento, fabrica\u00e7\u00e3o e vendas, concentrando-nos em produzir as melhores m\u00e1quinas de prote\u00e7\u00e3o ambiental para nossos clientes globais.<\/p><p>O Grupo Shuliy \u00e9 respons\u00e1vel pela promo\u00e7\u00e3o de solu\u00e7\u00f5es de regenera\u00e7\u00e3o de recursos, reciclagem de pl\u00e1sticos, pneus e fabrica\u00e7\u00e3o de equipamentos de granula\u00e7\u00e3o no mercado global.<\/p><p>Fomos fundados em 2011 e sempre insistimos em fornecer aos clientes solu\u00e7\u00f5es integradas de reciclagem de res\u00edduos, incluindo reciclagem de pl\u00e1sticos, pneus e borracha. At\u00e9 agora, a Shuliy ajudou in\u00fameros clientes a ter sucesso e a estabelecer seus pr\u00f3prios neg\u00f3cios de reciclagem.<\/p>\t\t\t\t\t\t\t\t<\/div> \t\t\t\t\t<\/div> \t\t\t\t<\/div> \t\t<div class=\"elementor-element elementor-element-7f457f3 e-flex e-con-boxed e-con e-parent\" data-id=\"7f457f3\" data-element_type=\"container\" data-e-type=\"container\"> \t\t\t\t\t<div class=\"e-con-inner\"> \t\t\t\t<div class=\"elementor-element elementor-element-9fb4e0d elementor-widget elementor-widget-heading\" data-id=\"9fb4e0d\" data-element_type=\"widget\" data-e-type=\"widget\" data-widget_type=\"heading.default\"> \t\t\t\t\t<h2 class=\"elementor-heading-title elementor-size-default\">O que fazemos<\/h2>\t\t\t\t<\/div> \t\t\t\t\t<\/div> \t\t\t\t<\/div> \t\t<div class=\"elementor-element elementor-element-7bf101d e-flex e-con-boxed e-con e-parent\" data-id=\"7bf101d\" data-element_type=\"container\" data-e-type=\"container\"> \t\t\t\t\t<div class=\"e-con-inner\"> \t\t<div class=\"elementor-element elementor-element-354739a e-con-full e-flex e-con e-parent\" data-id=\"354739a\" data-element_type=\"container\" data-e-type=\"container\"> \t\t\t\t<div class=\"elementor-element elementor-element-d159766 elementor-widget elementor-widget-heading\" data-id=\"d159766\" data-element_type=\"widget\" data-e-type=\"widget\" data-widget_type=\"heading.default\"> \t\t\t\t\t<h2 class=\"elementor-heading-title elementor-size-default\">Produtos<\/h2>\t\t\t\t<\/div> \t\t\t\t<div class=\"elementor-element elementor-element-0b5dc6c elementor-widget elementor-widget-text-editor\" data-id=\"0b5dc6c\" data-element_type=\"widget\" data-e-type=\"widget\" data-widget_type=\"text-editor.default\"> \t\t\t\t\t\t\t\t\t<p>Atualmente, os principais produtos desenvolvidos e vendidos pela Shuliy s\u00e3o plantas de granula\u00e7\u00e3o de pl\u00e1stico\/res\u00edduos de pneus, planta de lavagem de garrafas PET e projetos de fabrica\u00e7\u00e3o de tubos pl\u00e1sticos. Todos os produtos s\u00e3o utilizados principalmente na reciclagem de pl\u00e1stico\/res\u00edduos de pneus, produ\u00e7\u00e3o de objetos pl\u00e1sticos e outras ind\u00fastrias. As pelotas de pl\u00e1stico geradas podem ser usadas diretamente na linha de produ\u00e7\u00e3o de tubos pl\u00e1sticos. As granula\u00e7\u00f5es de pl\u00e1stico\/borracha podem ser utilizadas como produtos de alto valor para vendas secund\u00e1rias. Dessa forma, os investidores podem obter um alto lucro. Ao mesmo tempo, isso pode resolver problemas ambientais cada vez mais proeminentes.<\/p>\t\t\t\t\t\t\t\t<\/div> \t\t\t\t<\/div> \t\t<div class=\"elementor-element elementor-element-a3d18fd e-con-full e-flex e-con e-parent\" data-id=\"a3d18fd\" data-element_type=\"container\" data-e-type=\"container\"> \t\t\t\t<div class=\"elementor-element elementor-element-d615047 elementor-widget elementor-widget-image\" data-id=\"d615047\" data-element_type=\"widget\" data-e-type=\"widget\" data-widget_type=\"image.default\"> \t\t\t\t\t\t\t\t\t\t\t\t\t\t\t<img decoding=\"async\" width=\"720\" height=\"405\" src=\"https:\/\/plasticsl.com\/wp-content\/uploads\/2023\/05\/PET-bottle-washing-line.webp\" class=\"attachment-large size-large wp-image-373\" alt=\"\" srcset=\"https:\/\/plasticsl.com\/wp-content\/uploads\/2023\/05\/PET-bottle-washing-line.webp 720w, https:\/\/plasticsl.com\/wp-content\/uploads\/2023\/05\/PET-bottle-washing-line-360x203.webp 360w\" sizes=\"(max-width: 720px) 100vw, 720px\" \/>\t\t\t\t\t\t\t\t\t\t\t\t\t\t\t<\/div> \t\t\t\t<\/div> \t\t\t\t\t<\/div> \t\t\t\t<\/div> \t\t<div class=\"elementor-element elementor-element-88dbe17 e-flex e-con-boxed e-con e-parent\" data-id=\"88dbe17\" data-element_type=\"container\" data-e-type=\"container\"> \t\t\t\t\t<div class=\"e-con-inner\"> \t\t<div class=\"elementor-element elementor-element-ae42efe e-con-full e-flex e-con e-parent\" data-id=\"ae42efe\" data-element_type=\"container\" data-e-type=\"container\"> \t\t\t\t<div class=\"elementor-element elementor-element-80b6502 elementor-widget elementor-widget-image\" data-id=\"80b6502\" data-element_type=\"widget\" data-e-type=\"widget\" data-widget_type=\"image.default\"> \t\t\t\t\t\t\t\t\t\t\t\t\t\t\t<img decoding=\"async\" width=\"720\" height=\"540\" src=\"https:\/\/plasticsl.com\/wp-content\/uploads\/2023\/05\/solution.webp\" class=\"attachment-large size-large wp-image-374\" alt=\"\" srcset=\"https:\/\/plasticsl.com\/wp-content\/uploads\/2023\/05\/solution.webp 720w, https:\/\/plasticsl.com\/wp-content\/uploads\/2023\/05\/solution-360x270.webp 360w, https:\/\/plasticsl.com\/wp-content\/uploads\/2023\/05\/solution-240x180.webp 240w\" sizes=\"(max-width: 720px) 100vw, 720px\" \/>\t\t\t\t\t\t\t\t\t\t\t\t\t\t\t<\/div> \t\t\t\t<\/div> \t\t<div class=\"elementor-element elementor-element-45af6ec e-con-full e-flex e-con e-parent\" data-id=\"45af6ec\" data-element_type=\"container\" data-e-type=\"container\"> \t\t\t\t<div class=\"elementor-element elementor-element-49adae0 elementor-widget elementor-widget-heading\" data-id=\"49adae0\" data-element_type=\"widget\" data-e-type=\"widget\" data-widget_type=\"heading.default\"> \t\t\t\t\t<h2 class=\"elementor-heading-title elementor-size-default\">Solu\u00e7\u00f5es<\/h2>\t\t\t\t<\/div> \t\t\t\t<div class=\"elementor-element elementor-element-1908231 elementor-widget elementor-widget-text-editor\" data-id=\"1908231\" data-element_type=\"widget\" data-e-type=\"widget\" data-widget_type=\"text-editor.default\"> \t\t\t\t\t\t\t\t\t<p>Com o desenvolvimento do mercado global e as demandas dos clientes, a Shuliy gradualmente se transformou de um fornecedor \u00fanico de equipamentos para um provedor de solu\u00e7\u00f5es integradas. Nos \u00faltimos anos, projetamos com sucesso mais de 30 solu\u00e7\u00f5es de peletiza\u00e7\u00e3o de pl\u00e1stico, personalizamos mais de 20 solu\u00e7\u00f5es de reciclagem para reciclagem de pneus usados e fornecemos as 10 melhores solu\u00e7\u00f5es de produ\u00e7\u00e3o de tubos de pl\u00e1stico, etc.<\/p><p>No design de solu\u00e7\u00f5es integradas, podemos fornecer an\u00e1lise de viabilidade de projetos, sele\u00e7\u00e3o de equipamentos, entrega log\u00edstica, design de layout, instala\u00e7\u00e3o e opera\u00e7\u00e3o, treinamento de m\u00e1quinas e outros servi\u00e7os. O Grupo Shuliy oferece aos clientes solu\u00e7\u00f5es completas e garante o sucesso do cliente.<\/p>\t\t\t\t\t\t\t\t<\/div> \t\t\t\t<\/div> \t\t\t\t\t<\/div> \t\t\t\t<\/div> \t\t<div class=\"elementor-element elementor-element-5c8ec2a e-flex e-con-boxed e-con e-parent\" data-id=\"5c8ec2a\" data-element_type=\"container\" data-e-type=\"container\"> \t\t\t\t\t<div class=\"e-con-inner\"> \t\t\t\t<div class=\"elementor-element elementor-element-370a0e1 elementor-widget elementor-widget-heading\" data-id=\"370a0e1\" data-element_type=\"widget\" data-e-type=\"widget\" data-widget_type=\"heading.default\"> \t\t\t\t\t<h2 class=\"elementor-heading-title elementor-size-default\">Servi\u00e7os<\/h2>\t\t\t\t<\/div> \t\t\t\t<div class=\"elementor-element elementor-element-95926c0 elementor-widget elementor-widget-text-editor\" data-id=\"95926c0\" data-element_type=\"widget\" data-e-type=\"widget\" data-widget_type=\"text-editor.default\"> \t\t\t\t\t\t\t\t\t<ul><li>Servi\u00e7o online. Voc\u00ea pode nos contatar a qualquer momento e nosso projeto profissional enviar\u00e1 os detalhes da m\u00e1quina em 24 horas.<\/li><li>Solu\u00e7\u00e3o fornecida. Fornecemos desenhos de layout em 3D, servi\u00e7os personalizados e prepara\u00e7\u00e3o t\u00e9cnica.<\/li><li>Fornecimento de pe\u00e7as de reposi\u00e7\u00e3o. Todas as pe\u00e7as de reposi\u00e7\u00e3o de m\u00e1quinas de reciclagem podem ser adquiridas do Shuliy Group.<\/li><li>Instala\u00e7\u00e3o e treinamento. O Shuliy Group fornece servi\u00e7os de instala\u00e7\u00e3o, treinamento e acompanhamento.<\/li><li>Teste de amostras. Podemos testar amostras dos clientes e analisar a viabilidade do projeto e o lucro para nossos clientes.<\/li><\/ul>\t\t\t\t\t\t\t\t<\/div> \t\t\t\t\t<\/div> \t\t\t\t<\/div> \t\t\t\t<\/div>","protected":false},"excerpt":{"rendered":"<p>About Shuliy Shuliy Group Co.,Ltd. is an environmental machinery company, we integrate development, manufacturing, and selling, concentrating on producing the best environmental protection machinery for our global customers. Shuliy Group is responsible for the promotion of resource regeneration solutions, plastic, tire recycling and granulating equipment manufacturing in the global market. We are founded in 2011 [&hellip;]<\/p>\n","protected":false},"author":1,"featured_media":0,"parent":0,"menu_order":0,"comment_status":"closed","ping_status":"closed","template":"","meta":{"footnotes":""},"class_list":["post-237","page","type-page","status-publish","hentry"],"_links":{"self":[{"href":"https:\/\/plasticsl.com\/pt\/wp-json\/wp\/v2\/pages\/237","targetHints":{"allow":["GET"]}}],"collection":[{"href":"https:\/\/plasticsl.com\/pt\/wp-json\/wp\/v2\/pages"}],"about":[{"href":"https:\/\/plasticsl.com\/pt\/wp-json\/wp\/v2\/types\/page"}],"author":[{"embeddable":true,"href":"https:\/\/plasticsl.com\/pt\/wp-json\/wp\/v2\/users\/1"}],"replies":[{"embeddable":true,"href":"https:\/\/plasticsl.com\/pt\/wp-json\/wp\/v2\/comments?post=237"}],"version-history":[{"count":0,"href":"https:\/\/plasticsl.com\/pt\/wp-json\/wp\/v2\/pages\/237\/revisions"}],"wp:attachment":[{"href":"https:\/\/plasticsl.com\/pt\/wp-json\/wp\/v2\/media?parent=237"}],"curies":[{"name":"wp","href":"https:\/\/api.w.org\/{rel}","templated":true}]}}