{"id":237,"date":"2023-05-30T09:03:15","date_gmt":"2023-05-30T01:03:15","guid":{"rendered":"https:\/\/plasticsl.com\/?page_id=237"},"modified":"2023-05-31T09:56:50","modified_gmt":"2023-05-31T01:56:50","slug":"perfil-de-la-empresa","status":"publish","type":"page","link":"https:\/\/plasticsl.com\/es\/company-profile\/","title":{"rendered":"Perfil de la empresa"},"content":{"rendered":"<div data-elementor-type=\"wp-page\" data-elementor-id=\"237\" class=\"elementor elementor-237\" data-elementor-post-type=\"page\"> \t\t\t\t<div class=\"elementor-element elementor-element-316c254 e-flex e-con-boxed e-con e-parent\" data-id=\"316c254\" data-element_type=\"container\" data-e-type=\"container\"> \t\t\t\t\t<div class=\"e-con-inner\"> \t\t\t\t<div class=\"elementor-element elementor-element-407687b elementor-widget elementor-widget-heading\" data-id=\"407687b\" data-element_type=\"widget\" data-e-type=\"widget\" data-widget_type=\"heading.default\"> \t\t\t\t\t<h2 class=\"elementor-heading-title elementor-size-default\">Acerca de Shuliy<\/h2>\t\t\t\t<\/div> \t\t\t\t<div class=\"elementor-element elementor-element-91c6de7 elementor-widget elementor-widget-image\" data-id=\"91c6de7\" data-element_type=\"widget\" data-e-type=\"widget\" data-widget_type=\"image.default\"> \t\t\t\t\t\t\t\t\t\t\t\t\t\t\t<img fetchpriority=\"high\" decoding=\"async\" width=\"720\" height=\"377\" src=\"https:\/\/plasticsl.com\/wp-content\/uploads\/2023\/05\/shuliy-machinery-factory-768x402-1-720x377.webp\" class=\"attachment-large size-large wp-image-371\" alt=\"\" srcset=\"https:\/\/plasticsl.com\/wp-content\/uploads\/2023\/05\/shuliy-machinery-factory-768x402-1-720x377.webp 720w, https:\/\/plasticsl.com\/wp-content\/uploads\/2023\/05\/shuliy-machinery-factory-768x402-1-360x188.webp 360w, https:\/\/plasticsl.com\/wp-content\/uploads\/2023\/05\/shuliy-machinery-factory-768x402-1.webp 768w\" sizes=\"(max-width: 720px) 100vw, 720px\" \/>\t\t\t\t\t\t\t\t\t\t\t\t\t\t\t<\/div> \t\t\t\t<div class=\"elementor-element elementor-element-6536670 elementor-widget elementor-widget-text-editor\" data-id=\"6536670\" data-element_type=\"widget\" data-e-type=\"widget\" data-widget_type=\"text-editor.default\"> \t\t\t\t\t\t\t\t\t<p>Shuliy Group Co., Ltd. es una empresa de maquinaria ambiental, integramos desarrollo, fabricaci\u00f3n y venta, concentr\u00e1ndonos en producir la mejor maquinaria de protecci\u00f3n ambiental para nuestros clientes globales.<\/p><p>Shuliy Group es responsable de la promoci\u00f3n de soluciones de regeneraci\u00f3n de recursos, reciclaje de pl\u00e1sticos, fabricaci\u00f3n de equipos de reciclaje de neum\u00e1ticos y granulaci\u00f3n en el mercado global.<\/p><p>Fundamos en 2011 y siempre hemos insistido en proporcionar a los clientes soluciones integradas de reciclaje de residuos, incluyendo el reciclaje de pl\u00e1sticos, neum\u00e1ticos y caucho. Hasta ahora, Shuliy ha ayudado a innumerables clientes a tener \u00e9xito y a establecer sus propios negocios de reciclaje.<\/p>\t\t\t\t\t\t\t\t<\/div> \t\t\t\t\t<\/div> \t\t\t\t<\/div> \t\t<div class=\"elementor-element elementor-element-7f457f3 e-flex e-con-boxed e-con e-parent\" data-id=\"7f457f3\" data-element_type=\"container\" data-e-type=\"container\"> \t\t\t\t\t<div class=\"e-con-inner\"> \t\t\t\t<div class=\"elementor-element elementor-element-9fb4e0d elementor-widget elementor-widget-heading\" data-id=\"9fb4e0d\" data-element_type=\"widget\" data-e-type=\"widget\" data-widget_type=\"heading.default\"> \t\t\t\t\t<h2 class=\"elementor-heading-title elementor-size-default\">Qu\u00e9 hacemos<\/h2>\t\t\t\t<\/div> \t\t\t\t\t<\/div> \t\t\t\t<\/div> \t\t<div class=\"elementor-element elementor-element-7bf101d e-flex e-con-boxed e-con e-parent\" data-id=\"7bf101d\" data-element_type=\"container\" data-e-type=\"container\"> \t\t\t\t\t<div class=\"e-con-inner\"> \t\t<div class=\"elementor-element elementor-element-354739a e-con-full e-flex e-con e-parent\" data-id=\"354739a\" data-element_type=\"container\" data-e-type=\"container\"> \t\t\t\t<div class=\"elementor-element elementor-element-d159766 elementor-widget elementor-widget-heading\" data-id=\"d159766\" data-element_type=\"widget\" data-e-type=\"widget\" data-widget_type=\"heading.default\"> \t\t\t\t\t<h2 class=\"elementor-heading-title elementor-size-default\">Productos<\/h2>\t\t\t\t<\/div> \t\t\t\t<div class=\"elementor-element elementor-element-0b5dc6c elementor-widget elementor-widget-text-editor\" data-id=\"0b5dc6c\" data-element_type=\"widget\" data-e-type=\"widget\" data-widget_type=\"text-editor.default\"> \t\t\t\t\t\t\t\t\t<p>En la actualidad, los principales productos desarrollados y vendidos por Shuliy son plantas de granulaci\u00f3n de pl\u00e1stico\/residuos de neum\u00e1ticos, plantas de lavado de botellas de PET y proyectos de fabricaci\u00f3n de tuber\u00edas de pl\u00e1stico. Todos los productos se utilizan principalmente en el reciclaje de pl\u00e1stico\/residuos de neum\u00e1ticos, la producci\u00f3n de objetos de pl\u00e1stico y otras industrias. Los pellets de pl\u00e1stico generados pueden ser utilizados directamente en la l\u00ednea de producci\u00f3n de tuber\u00edas de pl\u00e1stico. Las gr\u00e1nulos de pl\u00e1stico\/rubber pueden ser utilizados como productos de alto valor para la reventa secundaria. De esta manera, los inversores pueden obtener un alto beneficio. Al mismo tiempo, puede resolver problemas ambientales cada vez m\u00e1s prominentes.<\/p>\t\t\t\t\t\t\t\t<\/div> \t\t\t\t<\/div> \t\t<div class=\"elementor-element elementor-element-a3d18fd e-con-full e-flex e-con e-parent\" data-id=\"a3d18fd\" data-element_type=\"container\" data-e-type=\"container\"> \t\t\t\t<div class=\"elementor-element elementor-element-d615047 elementor-widget elementor-widget-image\" data-id=\"d615047\" data-element_type=\"widget\" data-e-type=\"widget\" data-widget_type=\"image.default\"> \t\t\t\t\t\t\t\t\t\t\t\t\t\t\t<img decoding=\"async\" width=\"720\" height=\"405\" src=\"https:\/\/plasticsl.com\/wp-content\/uploads\/2023\/05\/PET-bottle-washing-line.webp\" class=\"attachment-large size-large wp-image-373\" alt=\"\" srcset=\"https:\/\/plasticsl.com\/wp-content\/uploads\/2023\/05\/PET-bottle-washing-line.webp 720w, https:\/\/plasticsl.com\/wp-content\/uploads\/2023\/05\/PET-bottle-washing-line-360x203.webp 360w\" sizes=\"(max-width: 720px) 100vw, 720px\" \/>\t\t\t\t\t\t\t\t\t\t\t\t\t\t\t<\/div> \t\t\t\t<\/div> \t\t\t\t\t<\/div> \t\t\t\t<\/div> \t\t<div class=\"elementor-element elementor-element-88dbe17 e-flex e-con-boxed e-con e-parent\" data-id=\"88dbe17\" data-element_type=\"container\" data-e-type=\"container\"> \t\t\t\t\t<div class=\"e-con-inner\"> \t\t<div class=\"elementor-element elementor-element-ae42efe e-con-full e-flex e-con e-parent\" data-id=\"ae42efe\" data-element_type=\"container\" data-e-type=\"container\"> \t\t\t\t<div class=\"elementor-element elementor-element-80b6502 elementor-widget elementor-widget-image\" data-id=\"80b6502\" data-element_type=\"widget\" data-e-type=\"widget\" data-widget_type=\"image.default\"> \t\t\t\t\t\t\t\t\t\t\t\t\t\t\t<img decoding=\"async\" width=\"720\" height=\"540\" src=\"https:\/\/plasticsl.com\/wp-content\/uploads\/2023\/05\/solution.webp\" class=\"attachment-large size-large wp-image-374\" alt=\"\" srcset=\"https:\/\/plasticsl.com\/wp-content\/uploads\/2023\/05\/solution.webp 720w, https:\/\/plasticsl.com\/wp-content\/uploads\/2023\/05\/solution-360x270.webp 360w, https:\/\/plasticsl.com\/wp-content\/uploads\/2023\/05\/solution-240x180.webp 240w\" sizes=\"(max-width: 720px) 100vw, 720px\" \/>\t\t\t\t\t\t\t\t\t\t\t\t\t\t\t<\/div> \t\t\t\t<\/div> \t\t<div class=\"elementor-element elementor-element-45af6ec e-con-full e-flex e-con e-parent\" data-id=\"45af6ec\" data-element_type=\"container\" data-e-type=\"container\"> \t\t\t\t<div class=\"elementor-element elementor-element-49adae0 elementor-widget elementor-widget-heading\" data-id=\"49adae0\" data-element_type=\"widget\" data-e-type=\"widget\" data-widget_type=\"heading.default\"> \t\t\t\t\t<h2 class=\"elementor-heading-title elementor-size-default\">Soluciones<\/h2>\t\t\t\t<\/div> \t\t\t\t<div class=\"elementor-element elementor-element-1908231 elementor-widget elementor-widget-text-editor\" data-id=\"1908231\" data-element_type=\"widget\" data-e-type=\"widget\" data-widget_type=\"text-editor.default\"> \t\t\t\t\t\t\t\t\t<p>Con el desarrollo en el mercado global y las demandas de los clientes, Shuliy ha ido transform\u00e1ndose gradualmente de un proveedor de equipos \u00fanico a un proveedor de soluciones integradas. En los \u00faltimos a\u00f1os, hemos dise\u00f1ado con \u00e9xito m\u00e1s de 30 soluciones de peletizaci\u00f3n de pl\u00e1stico, personalizado m\u00e1s de 20 soluciones de reciclaje para el reciclaje de neum\u00e1ticos usados y proporcionado las 10 mejores soluciones de producci\u00f3n de tuber\u00edas de pl\u00e1stico, etc.<\/p><p>En el dise\u00f1o de soluciones integradas, podemos proporcionar an\u00e1lisis de viabilidad del proyecto, selecci\u00f3n de equipos, entrega log\u00edstica, dise\u00f1o de distribuci\u00f3n, instalaci\u00f3n y operaci\u00f3n, capacitaci\u00f3n de m\u00e1quinas y otros servicios. Shuliy Group ofrece a los clientes soluciones integrales y garantiza el \u00e9xito del cliente.<\/p>\t\t\t\t\t\t\t\t<\/div> \t\t\t\t<\/div> \t\t\t\t\t<\/div> \t\t\t\t<\/div> \t\t<div class=\"elementor-element elementor-element-5c8ec2a e-flex e-con-boxed e-con e-parent\" data-id=\"5c8ec2a\" data-element_type=\"container\" data-e-type=\"container\"> \t\t\t\t\t<div class=\"e-con-inner\"> \t\t\t\t<div class=\"elementor-element elementor-element-370a0e1 elementor-widget elementor-widget-heading\" data-id=\"370a0e1\" data-element_type=\"widget\" data-e-type=\"widget\" data-widget_type=\"heading.default\"> \t\t\t\t\t<h2 class=\"elementor-heading-title elementor-size-default\">Servicios<\/h2>\t\t\t\t<\/div> \t\t\t\t<div class=\"elementor-element elementor-element-95926c0 elementor-widget elementor-widget-text-editor\" data-id=\"95926c0\" data-element_type=\"widget\" data-e-type=\"widget\" data-widget_type=\"text-editor.default\"> \t\t\t\t\t\t\t\t\t<ul><li>Servicio en l\u00ednea. Puede contactarnos en cualquier momento y nuestro proyecto profesional le enviar\u00e1 los detalles de la m\u00e1quina en 24 horas.<\/li><li>Soluci\u00f3n proporcionada. Proporcionamos dibujos de dise\u00f1o en 3D, servicios personalizados y preparaci\u00f3n t\u00e9cnica.<\/li><li>Suministro de piezas de repuesto. Todas las piezas de repuesto de la maquinaria de reciclaje se pueden comprar en Shuliy Group.<\/li><li>Instalaci\u00f3n y capacitaci\u00f3n. Shuliy Group proporciona servicios de instalaci\u00f3n, capacitaci\u00f3n y seguimiento.<\/li><li>Pruebas de muestras. Podemos probar muestras de los clientes y analizar la viabilidad del proyecto y el beneficio para nuestros clientes.<\/li><\/ul>\t\t\t\t\t\t\t\t<\/div> \t\t\t\t\t<\/div> \t\t\t\t<\/div> \t\t\t\t<\/div>","protected":false},"excerpt":{"rendered":"<p>About Shuliy Shuliy Group Co.,Ltd. is an environmental machinery company, we integrate development, manufacturing, and selling, concentrating on producing the best environmental protection machinery for our global customers. Shuliy Group is responsible for the promotion of resource regeneration solutions, plastic, tire recycling and granulating equipment manufacturing in the global market. We are founded in 2011 [&hellip;]<\/p>\n","protected":false},"author":1,"featured_media":0,"parent":0,"menu_order":0,"comment_status":"closed","ping_status":"closed","template":"","meta":{"footnotes":""},"class_list":["post-237","page","type-page","status-publish","hentry"],"_links":{"self":[{"href":"https:\/\/plasticsl.com\/es\/wp-json\/wp\/v2\/pages\/237","targetHints":{"allow":["GET"]}}],"collection":[{"href":"https:\/\/plasticsl.com\/es\/wp-json\/wp\/v2\/pages"}],"about":[{"href":"https:\/\/plasticsl.com\/es\/wp-json\/wp\/v2\/types\/page"}],"author":[{"embeddable":true,"href":"https:\/\/plasticsl.com\/es\/wp-json\/wp\/v2\/users\/1"}],"replies":[{"embeddable":true,"href":"https:\/\/plasticsl.com\/es\/wp-json\/wp\/v2\/comments?post=237"}],"version-history":[{"count":0,"href":"https:\/\/plasticsl.com\/es\/wp-json\/wp\/v2\/pages\/237\/revisions"}],"wp:attachment":[{"href":"https:\/\/plasticsl.com\/es\/wp-json\/wp\/v2\/media?parent=237"}],"curies":[{"name":"wp","href":"https:\/\/api.w.org\/{rel}","templated":true}]}}